{"id":49,"date":"2020-06-11T19:51:07","date_gmt":"2020-06-11T17:51:07","guid":{"rendered":"http:\/\/www.probuergerpark.de\/?page_id=49"},"modified":"2025-01-17T14:02:32","modified_gmt":"2025-01-17T13:02:32","slug":"bi-pro-buergerpark-zeigt-gesicht","status":"publish","type":"page","link":"http:\/\/www.probuergerpark.de\/?page_id=49","title":{"rendered":"BI Pro B\u00fcrgerpark &#8211; Das hat die Stadt in Wahrheit vor!"},"content":{"rendered":"\n<figure class=\"wp-block-image size-large\"><img loading=\"lazy\" decoding=\"async\" width=\"1024\" height=\"541\" src=\"http:\/\/www.probuergerpark.de\/wp-content\/uploads\/2020\/06\/B\u00fcrgerpark-4.1-1024x541.jpg\" alt=\"\" class=\"wp-image-63\" srcset=\"http:\/\/www.probuergerpark.de\/wp-content\/uploads\/2020\/06\/B\u00fcrgerpark-4.1-1024x541.jpg 1024w, http:\/\/www.probuergerpark.de\/wp-content\/uploads\/2020\/06\/B\u00fcrgerpark-4.1-300x159.jpg 300w, http:\/\/www.probuergerpark.de\/wp-content\/uploads\/2020\/06\/B\u00fcrgerpark-4.1-768x406.jpg 768w, http:\/\/www.probuergerpark.de\/wp-content\/uploads\/2020\/06\/B\u00fcrgerpark-4.1.jpg 1158w\" sizes=\"(max-width: 767px) 89vw, (max-width: 1000px) 54vw, (max-width: 1071px) 543px, 580px\" \/><\/figure>\n\n\n\n<p class=\"has-medium-font-size\">Luxuswohnungen auf kontaminierten Boden<\/p>\n\n\n\n<p class=\"has-drop-cap has-text-color has-normal-font-size\" style=\"color:#626d76\"><strong><span class=\"has-inline-color has-luminous-vivid-orange-color\">D<\/span><\/strong><span class=\"has-inline-color has-very-dark-gray-color\">as ist er &#8211; der <strong>B\u00fcrgerpark<\/strong>. Eine schematische Darstellung nur, aber so sieht er von oben aus: das <strong>gr\u00fcne Gesicht<\/strong> vom Martinsviertel.  Wie man sehen kann, wird der B\u00fcrgerpark von vier Stra\u00dfen begrenzt: der Kranichsteiner Stra\u00dfe, der Arheilger Stra\u00dfe, dem Martin-Luther-King-Ring und der Vogelsberg Stra\u00dfe. Er wird durchzogen von der Kastanienallee, dem Elfeicher Weg und der Alsfelder Stra\u00dfe.<\/span><\/p>\n\n\n\n<p class=\"has-text-color\" style=\"color:#48525a\"><mark style=\"background-color:rgba(0, 0, 0, 0)\" class=\"has-inline-color has-very-dark-gray-color\"><strong>D<\/strong>ie in Darmstadt gr\u00fcngef\u00fchrte Stadtregierung hat 2019 einen &#8222;vorhabenbezogenen Bebauungsplan&#8220; (N.8) beschlossen der bekanntlich vorsieht, dass im B\u00fcrgerpark ein Grundst\u00fcck von 25.000 Quadratmetern bebaut werden soll. Aus Sicht der B\u00fcrgerinitiative w\u00fcrden damit wertvolle Gr\u00fcnfl\u00e4che im B\u00fcrgerpark f\u00fcr immer zerst\u00f6rt, was dem eigenen Klimagutachten der Stadt (30.10.2013) \u00fcbrigens komplett widerspricht. <\/mark><\/p>\n\n\n<div class=\"wp-block-image is-style-default\">\n<figure class=\"aligncenter size-large is-resized\"><img loading=\"lazy\" decoding=\"async\" width=\"768\" height=\"1024\" src=\"http:\/\/www.probuergerpark.de\/wp-content\/uploads\/2020\/06\/B\u00fcrgerpark-6-768x1024.jpg\" alt=\"\" class=\"wp-image-66\" style=\"width:240px;height:319px\" srcset=\"http:\/\/www.probuergerpark.de\/wp-content\/uploads\/2020\/06\/B\u00fcrgerpark-6-768x1024.jpg 768w, http:\/\/www.probuergerpark.de\/wp-content\/uploads\/2020\/06\/B\u00fcrgerpark-6-225x300.jpg 225w, http:\/\/www.probuergerpark.de\/wp-content\/uploads\/2020\/06\/B\u00fcrgerpark-6.jpg 1000w\" sizes=\"(max-width: 767px) 89vw, (max-width: 1000px) 54vw, (max-width: 1071px) 543px, 580px\" \/><figcaption class=\"wp-element-caption\"><em><span style=\"color:#064d75\" class=\"has-inline-color\">BI Pro B\u00fcrgerpark: Wir zeigen Gesicht!<\/span><\/em><\/figcaption><\/figure><\/div>\n\n\n<p>I. <strong>Stand der Dinge<\/strong> | <strong>L\u00fcgt die Stadt die \u00d6ffentlichkeit an?<\/strong><br><br>Eine Investorengruppe aus Frankfurt und Darmstadt wollte das Privatgel\u00e4nde urspr\u00fcnglich nur mit insgesamt 47 Reihen- und Einzelh\u00e4usern bebauen. So stand es zumindest in dem &#8222;vorhabenbezogenen Bebauungsplan&#8220; von 2019. Doch im Juni 2020 stimmt das so nicht mehr! Denn bei unserer Analyse der uns vorliegenden neuen Pl\u00e4ne hat sich herausgestellt, dass sich klammheimlich die Zahl der Wohnungen erh\u00f6ht hat: n\u00e4mlich <strong>von 47 auf 74<\/strong>!!! Begr\u00fcndung: Einliegerwohnungen geh\u00f6ren ja zu einem Haus dazu, also baut man sie auch. Dort ziehen also in Wahrheit noch mehr Menschen ein. Und die brauchen was? Genau: viel Platz f\u00fcr ihre Fahrzeuge! War da irgend etwas mit weniger L\u00e4rm und Schmutz?<\/p>\n\n\n\n<p>II. <strong>Stichwort: Parkpl\u00e4tze<\/strong>! Geplant sind angeblich nur 74 Parkpl\u00e4tze auf dem gesamten Grundst\u00fcck verteilt sowie 4 Parkpl\u00e4tze f\u00fcr Car-Sharing. Da es sich aber um &#8222;gehobenes Wohnen f\u00fcr Fach- und F\u00fchrungskr\u00e4fte&#8220; handelt, darf man davon ausgehen, dass jeder Erwachsene und vollj\u00e4hrige, noch im Haushalt lebende Kind ein Fahrzeug sowie ein Gesch\u00e4ftsfahrzeug hat. All diese zus\u00e4tzlichen Fahrzeuge finden in den Planungen \u00fcberhaupt keine Ber\u00fccksichtigung. Warum nur? Man hat den Verkehr \u00fcbrigens an einem kalten, regnerischen Tag im September gemessen und zu &#8222;Spitzenzeiten 27 Fahrzeuge pro Stunde&#8220; gez\u00e4hlt. Unn\u00f6tig zu erw\u00e4hnen, dass das nur ein Bruchteil der Fahrzeuge ist, die die Stra\u00dfe im Sommer zu Spitzenzeiten befahren, um beispielsweise in den Biergarten zu kommen, Freunde zu besuchen, Sport zu treiben, Feste in den beiden Grillh\u00fcten zu feiern, spazieren zu gehen, die Hundewiese zu nutzen oder sich in den Kleing\u00e4rten zu entspannen.<\/p>\n\n\n\n<p>Der im vorhabenbezogenen Bebauungsplan \u00fcbrigens so sch\u00f6n dargestellte Weg f\u00fcr die \u00d6ffentlichkeit, die dann endlich den dortigen See sehen kann, entpuppt sich bei genauem Lesen der Pl\u00e4ne als Mogelpackung! Denn es ist nur ein schmaler Weg durch eine Schlucht! Der Blick auf den See kann \u00fcbrigens nur durch ein Tor ergattert werden, hinter dem aber ungl\u00fccklicherweise Weise auch noch ein gro\u00dfer Technik- und Energiehaus steht, der auch diesen &#8222;letzten&#8220; Anblick verstellt.  Es stimmt daher nicht, wenn die Stadt behauptet, dass alle B\u00fcrger etwas vom in privater Hand befindlichen Grundst\u00fcck mit See h\u00e4tten.<\/p>\n\n\n\n<p><strong>Links<\/strong>:<br>Link zum bebauungsplan der Stadt:  <a href=\"https:\/\/stadtatlas.darmstadt.de\/BP\/N8.4.4.pdf\">https:\/\/stadtatlas.darmstadt.de\/BP\/N8.4.4.pdf<\/a><\/p>\n\n\n\n<figure class=\"wp-block-image size-full is-resized\"><img loading=\"lazy\" decoding=\"async\" width=\"1800\" height=\"1829\" src=\"http:\/\/www.probuergerpark.de\/wp-content\/uploads\/2022\/10\/BVM_BuePa_FLY_8S_gesamt_1800px.jpg\" alt=\"\" class=\"wp-image-204\" style=\"width:1800px;height:1829px\" srcset=\"http:\/\/www.probuergerpark.de\/wp-content\/uploads\/2022\/10\/BVM_BuePa_FLY_8S_gesamt_1800px.jpg 1800w, http:\/\/www.probuergerpark.de\/wp-content\/uploads\/2022\/10\/BVM_BuePa_FLY_8S_gesamt_1800px-295x300.jpg 295w, http:\/\/www.probuergerpark.de\/wp-content\/uploads\/2022\/10\/BVM_BuePa_FLY_8S_gesamt_1800px-394x400.jpg 394w, http:\/\/www.probuergerpark.de\/wp-content\/uploads\/2022\/10\/BVM_BuePa_FLY_8S_gesamt_1800px-768x780.jpg 768w, http:\/\/www.probuergerpark.de\/wp-content\/uploads\/2022\/10\/BVM_BuePa_FLY_8S_gesamt_1800px-1512x1536.jpg 1512w\" sizes=\"(max-width: 767px) 89vw, (max-width: 1000px) 54vw, (max-width: 1071px) 543px, 580px\" \/><\/figure>\n\n\n\n<p><strong>III. Aktion: Wir brauchen euch jetzt!<\/strong> <strong><span class=\"has-inline-color has-vivid-red-color\">(Am 8. Juli 2020 abgelaufen!<\/span><\/strong>)<\/p>\n\n\n\n<p>So, nun seid Ihr gefragt. Bitte bringt Eure Einw\u00e4nde schriftlich ein. Dabei gen\u00fcgt es nicht, nur zu schreiben, dass man das bl\u00f6d findet oder nicht will. Der Einwand muss begr\u00fcndet sein. Die Gr\u00fcnde findet man z.B. im im Umweltbericht unter dem eben genannten Link. Hierzu geh\u00f6ren u.a. die Parkplatzsituation, die katastrophal werden wird, die V\u00f6gel und Flederm\u00e4use sowie zahlreichen Insekten, die vertrieben werden, L\u00e4rmproblematik usw. Wir geben euch gerne Hilfestellungen, wie man so etwas formuliert.<\/p>\n\n\n\n<p>Einreichen k\u00f6nnt Ihr die Einw\u00e4nde beim Magistrat der Stadt Darmstadt  unter: Wissenschaftsstadt Darmstadt, z.H. Magistrat, Luisenplatz 5 A, 64283 Darmstadt  <br>E-Mail: info@darmstadt.de<br>Betreff: Vorhabenbezogener Bebauungsplan 8.4.4.<br><br>Inzwischen sind laut unseren Kenntnissen einige Widerspr\u00fcche vonseiten der B\u00fcrgerInnen erfolgt. Dies werden, laut der zust\u00e4ndigen Baudezernentin Frau Bozcek, derzeit gepr\u00fcft. \u00dcber die aktuelle bzw. weitere Entwicklung werden wir euch auf dem Laufenden halten!<br><br>Bis es aber zur wirklichen Umsetzung der absurden Baupl\u00e4ne kommt, flie\u00dft noch viel Wasser den Darmbach herunter &#8211; sofern welches drin ist! Denn der Investor muss nun erst einmal einen eigenen Bebauungsplan vorlegen, dieser wird dann erneut einer Pr\u00fcfung durch das Stadtparlament unterzogen, und wir k\u00f6nnen auch noch rechtlich gegen das ganze Projekt klagen. Wir hoffen aber, dass die Stadt das Gel\u00e4nde zur\u00fcckkauft. Die Gelder daf\u00fcr lie\u00dfen sich \u00fcber u.a. \u00fcber Fundraising, Spendengelder und Crowdfunding generieren.<br>Wir halten Euch auf dem Laufenden!<br><\/p>\n\n\n\n<p>Stand: September 2020<\/p>\n","protected":false},"excerpt":{"rendered":"<p>Luxuswohnungen auf kontaminierten Boden Das ist er &#8211; der B\u00fcrgerpark. Eine schematische Darstellung nur, aber so sieht er von oben aus: das gr\u00fcne Gesicht vom Martinsviertel. Wie man sehen kann, wird der B\u00fcrgerpark von vier Stra\u00dfen begrenzt: der Kranichsteiner Stra\u00dfe, der Arheilger Stra\u00dfe, dem Martin-Luther-King-Ring und der Vogelsberg Stra\u00dfe. Er wird durchzogen von der Kastanienallee, &hellip; <\/p>\n<p class=\"link-more\"><a href=\"http:\/\/www.probuergerpark.de\/?page_id=49\" class=\"more-link\"><span class=\"screen-reader-text\">\u201eBI Pro B\u00fcrgerpark &#8211; Das hat die Stadt in Wahrheit vor!\u201c <\/span>weiterlesen<\/a><\/p>\n","protected":false},"author":48,"featured_media":0,"parent":0,"menu_order":0,"comment_status":"closed","ping_status":"closed","template":"","meta":{"footnotes":""},"_links":{"self":[{"href":"http:\/\/www.probuergerpark.de\/index.php?rest_route=\/wp\/v2\/pages\/49"}],"collection":[{"href":"http:\/\/www.probuergerpark.de\/index.php?rest_route=\/wp\/v2\/pages"}],"about":[{"href":"http:\/\/www.probuergerpark.de\/index.php?rest_route=\/wp\/v2\/types\/page"}],"author":[{"embeddable":true,"href":"http:\/\/www.probuergerpark.de\/index.php?rest_route=\/wp\/v2\/users\/48"}],"replies":[{"embeddable":true,"href":"http:\/\/www.probuergerpark.de\/index.php?rest_route=%2Fwp%2Fv2%2Fcomments&post=49"}],"version-history":[{"count":22,"href":"http:\/\/www.probuergerpark.de\/index.php?rest_route=\/wp\/v2\/pages\/49\/revisions"}],"predecessor-version":[{"id":261,"href":"http:\/\/www.probuergerpark.de\/index.php?rest_route=\/wp\/v2\/pages\/49\/revisions\/261"}],"wp:attachment":[{"href":"http:\/\/www.probuergerpark.de\/index.php?rest_route=%2Fwp%2Fv2%2Fmedia&parent=49"}],"curies":[{"name":"wp","href":"https:\/\/api.w.org\/{rel}","templated":true}]}}